{"id":50,"date":"2021-02-25T16:24:19","date_gmt":"2021-02-25T15:24:19","guid":{"rendered":"http:\/\/www.ortho-fekete.at\/ordi\/?page_id=50"},"modified":"2021-05-08T07:38:00","modified_gmt":"2021-05-08T05:38:00","slug":"zur-person","status":"publish","type":"page","link":"https:\/\/www.ortho-fekete.at\/ordi\/?page_id=50","title":{"rendered":"Zur Person"},"content":{"rendered":"\n<div class=\"wp-block-columns\">\n<div class=\"wp-block-column\" style=\"flex-basis:50%\">\n<p>Geboren 1979 in Wien, verheiratet, 1 Kind<br>1998 &#8211; 2005 Studium der Humanmedizin in Wien<br>2005 &#8211; 2008 Haupt und Gegenf\u00e4cher f\u00fcr Orthop\u00e4die und orthop\u00e4dische Chirurgie (u.a. Unfallchirurgie UKH Meidling, Evangelisches Krankenhaus, Orthop\u00e4disches KH Gersthof, Lehrpraxis Orthop\u00e4die)<\/p>\n\n\n\n<p>2005-2012 Akupunktur-Ausbildung mit \u00d6\u00c4K-Diplom f\u00fcr Akupunktur G. K\u00f6nig \/ I. Wancura<br>2009 &#8211; 2015 Gegenf\u00e4cher f\u00fcr Orthop\u00e4die und orthop\u00e4dische Chirurgie Klinik Ottakring (ehem. Wilhelminenspital) und Ausbildung zur \u00c4rztin f\u00fcr Allgemeinmedizin<br>2015 \u2013 2019 Ausbildung zur Fach\u00e4rztin f\u00fcr Orthop\u00e4die und orthop\u00e4dische Chirurgie der Klinik Penzing (ehem. Otto-Wagner-Spital) unter der Leitung von Prim. Dr. Zenz mit den Schwerpunkten Endoprothetik und Wirbels\u00e4ulenchirurgie<br>derzeit Fach\u00e4rztin an der orthop\u00e4dischen Abteilung der Klinik Penzing<\/p>\n\n\n\n<p>Mitglied im Wirbels\u00e4ulen-Team<br>Langj\u00e4hrige Betreuung der Wirbels\u00e4ulen-Ambulanz<br>Beleg\u00e4rztin im Evangelischen Krankenhaus, Rudolfinerhaus, Confraternit\u00e4t<br>Fortbildungsdiplom (DFP-Diplom) der \u00d6\u00c4K mit laufenden Fortbildungen<br>Mitgliedschaft bei der \u00d6GO (Gesellschaft f\u00fcr Orthop\u00e4die und orthop. Chirurgie)<br>Mitglied bei der \u00f6sterreichischen und nieder\u00f6sterreichischen \u00c4rztekammer<\/p>\n<\/div>\n\n\n\n<div class=\"wp-block-column is-vertically-aligned-top\" style=\"flex-basis:50%\">\n<div class=\"alignnormal\"><div id=\"metaslider-id-367\" style=\"max-width: 600px;\" class=\"ml-slider-3-20-3 metaslider metaslider-nivo metaslider-367 ml-slider\">\n    <div id=\"metaslider_container_367\">\n        <div class='slider-wrapper theme-default'><div class='ribbon'><\/div><div id='metaslider_367' class='nivoSlider'><img src=\"https:\/\/www.ortho-fekete.at\/ordi\/wp-content\/uploads\/2021\/04\/H10-scaled-600x600.jpg\" height=\"600\" width=\"600\" title=\"_MG_7605\" alt=\"\" class=\"slider-367 slide-379\" \/><img src=\"https:\/\/www.ortho-fekete.at\/ordi\/wp-content\/uploads\/2021\/04\/B5-1-scaled-600x600.jpg\" height=\"600\" width=\"600\" title=\"_MG_7617\" alt=\"\" class=\"slider-367 slide-380\" \/><img src=\"https:\/\/www.ortho-fekete.at\/ordi\/wp-content\/uploads\/2021\/04\/B10-scaled-600x600.jpg\" height=\"600\" width=\"600\" title=\"_MG_7598\" alt=\"\" class=\"slider-367 slide-381\" \/><img src=\"https:\/\/www.ortho-fekete.at\/ordi\/wp-content\/uploads\/2021\/04\/H1-scaled-600x600.jpg\" height=\"600\" width=\"600\" title=\"_MG_7594\" alt=\"\" class=\"slider-367 slide-382\" \/><\/div><\/div>\n        \n    <\/div>\n<\/div><\/div>\n<\/div>\n<\/div>\n","protected":false},"excerpt":{"rendered":"<p>Geboren 1979 in Wien, verheiratet, 1 Kind1998 &#8211; 2005 Studium der Humanmedizin in Wien2005 &#8211; 2008 Haupt und Gegenf\u00e4cher f\u00fcr Orthop\u00e4die und orthop\u00e4dische Chirurgie (u.a. Unfallchirurgie UKH Meidling, Evangelisches Krankenhaus, Orthop\u00e4disches KH Gersthof, Lehrpraxis Orthop\u00e4die) 2005-2012 Akupunktur-Ausbildung mit \u00d6\u00c4K-Diplom f\u00fcr Akupunktur G. K\u00f6nig \/ I. Wancura2009 &#8211; 2015 Gegenf\u00e4cher f\u00fcr Orthop\u00e4die und orthop\u00e4dische Chirurgie Klinik &hellip; <\/p>\n<p class=\"link-more\"><a href=\"https:\/\/www.ortho-fekete.at\/ordi\/?page_id=50\" class=\"more-link\">Continue reading<span class=\"screen-reader-text\"> &#8220;Zur Person&#8221;<\/span><\/a><\/p>\n","protected":false},"author":1,"featured_media":0,"parent":0,"menu_order":0,"comment_status":"closed","ping_status":"closed","template":"","meta":[],"yoast_head":"<!-- This site is optimized with the Yoast SEO plugin v16.4 - https:\/\/yoast.com\/wordpress\/plugins\/seo\/ -->\n<title>Zur Person - Orthop\u00e4die Fekete<\/title>\n<meta name=\"robots\" content=\"index, follow, max-snippet:-1, max-image-preview:large, max-video-preview:-1\" \/>\n<link rel=\"canonical\" href=\"https:\/\/www.ortho-fekete.at\/ordi\/?page_id=50\" \/>\n<meta property=\"og:locale\" content=\"en_US\" \/>\n<meta property=\"og:type\" content=\"article\" \/>\n<meta property=\"og:title\" content=\"Zur Person - Orthop\u00e4die Fekete\" \/>\n<meta property=\"og:description\" content=\"Geboren 1979 in Wien, verheiratet, 1 Kind1998 &#8211; 2005 Studium der Humanmedizin in Wien2005 &#8211; 2008 Haupt und Gegenf\u00e4cher f\u00fcr Orthop\u00e4die und orthop\u00e4dische Chirurgie (u.a. Unfallchirurgie UKH Meidling, Evangelisches Krankenhaus, Orthop\u00e4disches KH Gersthof, Lehrpraxis Orthop\u00e4die) 2005-2012 Akupunktur-Ausbildung mit \u00d6\u00c4K-Diplom f\u00fcr Akupunktur G. K\u00f6nig \/ I. Wancura2009 &#8211; 2015 Gegenf\u00e4cher f\u00fcr Orthop\u00e4die und orthop\u00e4dische Chirurgie Klinik &hellip; Continue reading &quot;Zur Person&quot;\" \/>\n<meta property=\"og:url\" content=\"https:\/\/www.ortho-fekete.at\/ordi\/?page_id=50\" \/>\n<meta property=\"og:site_name\" content=\"Orthop\u00e4die Fekete\" \/>\n<meta property=\"article:modified_time\" content=\"2021-05-08T05:38:00+00:00\" \/>\n<meta name=\"twitter:card\" content=\"summary_large_image\" \/>\n<meta name=\"twitter:label1\" content=\"Est. reading time\" \/>\n\t<meta name=\"twitter:data1\" content=\"1 minute\" \/>\n<script type=\"application\/ld+json\" class=\"yoast-schema-graph\">{\"@context\":\"https:\/\/schema.org\",\"@graph\":[{\"@type\":\"Organization\",\"@id\":\"https:\/\/www.ortho-fekete.at\/ordi\/#organization\",\"name\":\"Orthop\\u00e4die Fekete \\u2013 Dr. Andrea Fekete\",\"url\":\"https:\/\/www.ortho-fekete.at\/ordi\/\",\"sameAs\":[],\"logo\":{\"@type\":\"ImageObject\",\"@id\":\"https:\/\/www.ortho-fekete.at\/ordi\/#logo\",\"inLanguage\":\"en-US\",\"url\":\"http:\/\/www.ortho-fekete.at\/ordi\/wp-content\/uploads\/2021\/03\/cropped-Logo_Andrea_Fekete_RGB_512x512.png\",\"contentUrl\":\"http:\/\/www.ortho-fekete.at\/ordi\/wp-content\/uploads\/2021\/03\/cropped-Logo_Andrea_Fekete_RGB_512x512.png\",\"width\":512,\"height\":512,\"caption\":\"Orthop\\u00e4die Fekete \\u2013 Dr. Andrea Fekete\"},\"image\":{\"@id\":\"https:\/\/www.ortho-fekete.at\/ordi\/#logo\"}},{\"@type\":\"WebSite\",\"@id\":\"https:\/\/www.ortho-fekete.at\/ordi\/#website\",\"url\":\"https:\/\/www.ortho-fekete.at\/ordi\/\",\"name\":\"Orthop\\u00e4die Fekete\",\"description\":\"Dr. med. univ. Andrea Fekete - Fach\\u00e4rztin f\\u00fcr Orthop\\u00e4die und orthop\\u00e4dische Chirurgie\",\"publisher\":{\"@id\":\"https:\/\/www.ortho-fekete.at\/ordi\/#organization\"},\"potentialAction\":[{\"@type\":\"SearchAction\",\"target\":\"https:\/\/www.ortho-fekete.at\/ordi\/?s={search_term_string}\",\"query-input\":\"required name=search_term_string\"}],\"inLanguage\":\"en-US\"},{\"@type\":\"WebPage\",\"@id\":\"https:\/\/www.ortho-fekete.at\/ordi\/?page_id=50#webpage\",\"url\":\"https:\/\/www.ortho-fekete.at\/ordi\/?page_id=50\",\"name\":\"Zur Person - Orthop\\u00e4die Fekete\",\"isPartOf\":{\"@id\":\"https:\/\/www.ortho-fekete.at\/ordi\/#website\"},\"datePublished\":\"2021-02-25T15:24:19+00:00\",\"dateModified\":\"2021-05-08T05:38:00+00:00\",\"breadcrumb\":{\"@id\":\"https:\/\/www.ortho-fekete.at\/ordi\/?page_id=50#breadcrumb\"},\"inLanguage\":\"en-US\",\"potentialAction\":[{\"@type\":\"ReadAction\",\"target\":[\"https:\/\/www.ortho-fekete.at\/ordi\/?page_id=50\"]}]},{\"@type\":\"BreadcrumbList\",\"@id\":\"https:\/\/www.ortho-fekete.at\/ordi\/?page_id=50#breadcrumb\",\"itemListElement\":[{\"@type\":\"ListItem\",\"position\":1,\"item\":{\"@type\":\"WebPage\",\"@id\":\"https:\/\/www.ortho-fekete.at\/ordi\/\",\"url\":\"https:\/\/www.ortho-fekete.at\/ordi\/\",\"name\":\"Startseite\"}},{\"@type\":\"ListItem\",\"position\":2,\"item\":{\"@id\":\"https:\/\/www.ortho-fekete.at\/ordi\/?page_id=50#webpage\"}}]}]}<\/script>\n<!-- \/ Yoast SEO plugin. -->","_links":{"self":[{"href":"https:\/\/www.ortho-fekete.at\/ordi\/index.php?rest_route=\/wp\/v2\/pages\/50"}],"collection":[{"href":"https:\/\/www.ortho-fekete.at\/ordi\/index.php?rest_route=\/wp\/v2\/pages"}],"about":[{"href":"https:\/\/www.ortho-fekete.at\/ordi\/index.php?rest_route=\/wp\/v2\/types\/page"}],"author":[{"embeddable":true,"href":"https:\/\/www.ortho-fekete.at\/ordi\/index.php?rest_route=\/wp\/v2\/users\/1"}],"replies":[{"embeddable":true,"href":"https:\/\/www.ortho-fekete.at\/ordi\/index.php?rest_route=%2Fwp%2Fv2%2Fcomments&post=50"}],"version-history":[{"count":11,"href":"https:\/\/www.ortho-fekete.at\/ordi\/index.php?rest_route=\/wp\/v2\/pages\/50\/revisions"}],"predecessor-version":[{"id":440,"href":"https:\/\/www.ortho-fekete.at\/ordi\/index.php?rest_route=\/wp\/v2\/pages\/50\/revisions\/440"}],"wp:attachment":[{"href":"https:\/\/www.ortho-fekete.at\/ordi\/index.php?rest_route=%2Fwp%2Fv2%2Fmedia&parent=50"}],"curies":[{"name":"wp","href":"https:\/\/api.w.org\/{rel}","templated":true}]}}