{"id":20,"date":"2021-02-25T16:03:54","date_gmt":"2021-02-25T15:03:54","guid":{"rendered":"http:\/\/www.ortho-fekete.at\/ordi\/?page_id=20"},"modified":"2026-02-28T18:47:35","modified_gmt":"2026-02-28T17:47:35","slug":"facharzt-fuer-orthopaedie-und-orthopaedische-chirurgie","status":"publish","type":"page","link":"https:\/\/www.ortho-fekete.at\/ordi\/","title":{"rendered":"Startseite"},"content":{"rendered":"\n<div class=\"wp-block-columns\">\n<div class=\"wp-block-column\">\n<h3><strong>DR. MED. ANDREA FEKETE<\/strong> <\/h3>\n\n\n\n<h3>Ordination:<\/h3>\n\n\n\n<p>Brodschildstra\u00dfe 31, 2000 Stockerau<br>Dienstags zwischen 14.00 und 18.00 Uhr <\/p>\n\n\n\n<h3>Terminvereinbarung unter:<\/h3>\n\n\n\n<p><strong>Telefon:<\/strong> 0660\/23 22 301<br>14.00-20.00 Uhr<br>Falls ich nicht erreichbar sein sollte, rufe ich Sie gerne zur\u00fcck!<\/p>\n\n\n\n<p><strong>Wahlarzt und Privat &#8211; Keine Kassen<\/strong><br>Ober\u00e4rztin an der orthop\u00e4dischen Abteilung Klinik Penzing (Wien)<br>Beleg\u00e4rztin im Evangelischen Krankenhaus, Rudolfinerhaus, Confraternit\u00e4t<br>Konservative und operative Therapien<br>Schwerpunkt Wirbels\u00e4ulenchirurgie und Endoprothetik<br>Kontinuierliche, pers\u00f6nliche Behandlung von der Diagnosestellung \u00fcber die konservative oder operative Therapie bis zur Nachbehandlung.<\/p>\n<\/div>\n\n\n\n<div class=\"wp-block-column\">\n<figure class=\"wp-block-image size-large\"><img loading=\"lazy\" width=\"683\" height=\"1024\" src=\"http:\/\/www.ortho-fekete.at\/ordi\/wp-content\/uploads\/2021\/04\/H13-683x1024.jpg\" alt=\"\" class=\"wp-image-378\" srcset=\"https:\/\/www.ortho-fekete.at\/ordi\/wp-content\/uploads\/2021\/04\/H13-683x1024.jpg 683w, https:\/\/www.ortho-fekete.at\/ordi\/wp-content\/uploads\/2021\/04\/H13-200x300.jpg 200w, https:\/\/www.ortho-fekete.at\/ordi\/wp-content\/uploads\/2021\/04\/H13-768x1152.jpg 768w, https:\/\/www.ortho-fekete.at\/ordi\/wp-content\/uploads\/2021\/04\/H13-1024x1536.jpg 1024w, https:\/\/www.ortho-fekete.at\/ordi\/wp-content\/uploads\/2021\/04\/H13-1365x2048.jpg 1365w, https:\/\/www.ortho-fekete.at\/ordi\/wp-content\/uploads\/2021\/04\/H13-scaled.jpg 1707w\" sizes=\"(max-width: 683px) 100vw, 683px\" \/><\/figure>\n<\/div>\n\n\n\n<div class=\"wp-block-column\">\n<h3><strong>Leben ist Bewegung und Bewegung ist Leben<\/strong><\/h3>\n\n\n\n<p>Ich bin Orthop\u00e4din, orthop\u00e4dische Chirurgin sowie \u00c4rztin f\u00fcr Allgemeinmedizin. <br>Meine Leidenschaft ist die Arbeit mit dem Menschen und am Menschen. <br>Mein Ziel ist es, die Beweglichkeit zu erhalten und\/oder zur\u00fcck zu gewinnen, Schmerzen zu lindern und Sch\u00e4den zu minimieren, um die Bewegungsm\u00f6glichkeiten in all ihren Facetten nutzen zu k\u00f6nnen. <br>Sowohl mit der Therapie bestehender Beschwerden, als auch in der effektiven Pr\u00e4vention (Vorbeugung).<\/p>\n\n\n\n<p>Auf meiner Website m\u00f6chte ich Ihnen Einblicke in Krankheitsbilder, Verletzungsarten und Therapiemethoden der Orthop\u00e4die geben. <br>Und, da kein K\u00f6rper dem anderen gleicht, nehme ich mir Zeit, um die richtige L\u00f6sung f\u00fcr genau Ihr Problem zu finden.<\/p>\n\n\n\n<p>Ihre <br>Andrea Fekete<\/p>\n<\/div>\n<\/div>\n\n\n\n\n","protected":false},"excerpt":{"rendered":"<p>DR. MED. ANDREA FEKETE Ordination: Brodschildstra\u00dfe 31, 2000 StockerauDienstags zwischen 14.00 und 18.00 Uhr Terminvereinbarung unter: Telefon: 0660\/23 22 30114.00-20.00 UhrFalls ich nicht erreichbar sein sollte, rufe ich Sie gerne zur\u00fcck! Wahlarzt und Privat &#8211; Keine KassenOber\u00e4rztin an der orthop\u00e4dischen Abteilung Klinik Penzing (Wien)Beleg\u00e4rztin im Evangelischen Krankenhaus, Rudolfinerhaus, Confraternit\u00e4tKonservative und operative TherapienSchwerpunkt Wirbels\u00e4ulenchirurgie und EndoprothetikKontinuierliche, &hellip; <\/p>\n<p class=\"link-more\"><a href=\"https:\/\/www.ortho-fekete.at\/ordi\/\" class=\"more-link\">Continue reading<span class=\"screen-reader-text\"> &#8220;Startseite&#8221;<\/span><\/a><\/p>\n","protected":false},"author":1,"featured_media":0,"parent":0,"menu_order":0,"comment_status":"closed","ping_status":"closed","template":"","meta":[],"yoast_head":"<!-- This site is optimized with the Yoast SEO plugin v16.4 - https:\/\/yoast.com\/wordpress\/plugins\/seo\/ -->\n<title>Startseite - Orthop\u00e4die Fekete<\/title>\n<meta name=\"robots\" content=\"index, follow, max-snippet:-1, max-image-preview:large, max-video-preview:-1\" \/>\n<link rel=\"canonical\" href=\"https:\/\/www.ortho-fekete.at\/ordi\/\" \/>\n<meta property=\"og:locale\" content=\"en_US\" \/>\n<meta property=\"og:type\" content=\"article\" \/>\n<meta property=\"og:title\" content=\"Startseite - Orthop\u00e4die Fekete\" \/>\n<meta property=\"og:description\" content=\"DR. MED. ANDREA FEKETE Ordination: Brodschildstra\u00dfe 31, 2000 StockerauDienstags zwischen 14.00 und 18.00 Uhr Terminvereinbarung unter: Telefon: 0660\/23 22 30114.00-20.00 UhrFalls ich nicht erreichbar sein sollte, rufe ich Sie gerne zur\u00fcck! Wahlarzt und Privat &#8211; Keine KassenOber\u00e4rztin an der orthop\u00e4dischen Abteilung Klinik Penzing (Wien)Beleg\u00e4rztin im Evangelischen Krankenhaus, Rudolfinerhaus, Confraternit\u00e4tKonservative und operative TherapienSchwerpunkt Wirbels\u00e4ulenchirurgie und EndoprothetikKontinuierliche, &hellip; Continue reading &quot;Startseite&quot;\" \/>\n<meta property=\"og:url\" content=\"https:\/\/www.ortho-fekete.at\/ordi\/\" \/>\n<meta property=\"og:site_name\" content=\"Orthop\u00e4die Fekete\" \/>\n<meta property=\"article:modified_time\" content=\"2026-02-28T17:47:35+00:00\" \/>\n<meta property=\"og:image\" content=\"http:\/\/www.ortho-fekete.at\/ordi\/wp-content\/uploads\/2021\/04\/H13-683x1024.jpg\" \/>\n<meta name=\"twitter:card\" content=\"summary_large_image\" \/>\n<meta name=\"twitter:label1\" content=\"Est. reading time\" \/>\n\t<meta name=\"twitter:data1\" content=\"2 minutes\" \/>\n<script type=\"application\/ld+json\" class=\"yoast-schema-graph\">{\"@context\":\"https:\/\/schema.org\",\"@graph\":[{\"@type\":\"Organization\",\"@id\":\"https:\/\/www.ortho-fekete.at\/ordi\/#organization\",\"name\":\"Orthop\\u00e4die Fekete \\u2013 Dr. Andrea Fekete\",\"url\":\"https:\/\/www.ortho-fekete.at\/ordi\/\",\"sameAs\":[],\"logo\":{\"@type\":\"ImageObject\",\"@id\":\"https:\/\/www.ortho-fekete.at\/ordi\/#logo\",\"inLanguage\":\"en-US\",\"url\":\"http:\/\/www.ortho-fekete.at\/ordi\/wp-content\/uploads\/2021\/03\/cropped-Logo_Andrea_Fekete_RGB_512x512.png\",\"contentUrl\":\"http:\/\/www.ortho-fekete.at\/ordi\/wp-content\/uploads\/2021\/03\/cropped-Logo_Andrea_Fekete_RGB_512x512.png\",\"width\":512,\"height\":512,\"caption\":\"Orthop\\u00e4die Fekete \\u2013 Dr. Andrea Fekete\"},\"image\":{\"@id\":\"https:\/\/www.ortho-fekete.at\/ordi\/#logo\"}},{\"@type\":\"WebSite\",\"@id\":\"https:\/\/www.ortho-fekete.at\/ordi\/#website\",\"url\":\"https:\/\/www.ortho-fekete.at\/ordi\/\",\"name\":\"Orthop\\u00e4die Fekete\",\"description\":\"Dr. med. univ. Andrea Fekete - Fach\\u00e4rztin f\\u00fcr Orthop\\u00e4die und orthop\\u00e4dische Chirurgie\",\"publisher\":{\"@id\":\"https:\/\/www.ortho-fekete.at\/ordi\/#organization\"},\"potentialAction\":[{\"@type\":\"SearchAction\",\"target\":\"https:\/\/www.ortho-fekete.at\/ordi\/?s={search_term_string}\",\"query-input\":\"required name=search_term_string\"}],\"inLanguage\":\"en-US\"},{\"@type\":\"ImageObject\",\"@id\":\"https:\/\/www.ortho-fekete.at\/ordi\/#primaryimage\",\"inLanguage\":\"en-US\",\"url\":\"http:\/\/www.ortho-fekete.at\/ordi\/wp-content\/uploads\/2021\/04\/H13-683x1024.jpg\",\"contentUrl\":\"http:\/\/www.ortho-fekete.at\/ordi\/wp-content\/uploads\/2021\/04\/H13-683x1024.jpg\"},{\"@type\":\"WebPage\",\"@id\":\"https:\/\/www.ortho-fekete.at\/ordi\/#webpage\",\"url\":\"https:\/\/www.ortho-fekete.at\/ordi\/\",\"name\":\"Startseite - Orthop\\u00e4die Fekete\",\"isPartOf\":{\"@id\":\"https:\/\/www.ortho-fekete.at\/ordi\/#website\"},\"primaryImageOfPage\":{\"@id\":\"https:\/\/www.ortho-fekete.at\/ordi\/#primaryimage\"},\"datePublished\":\"2021-02-25T15:03:54+00:00\",\"dateModified\":\"2026-02-28T17:47:35+00:00\",\"breadcrumb\":{\"@id\":\"https:\/\/www.ortho-fekete.at\/ordi\/#breadcrumb\"},\"inLanguage\":\"en-US\",\"potentialAction\":[{\"@type\":\"ReadAction\",\"target\":[\"https:\/\/www.ortho-fekete.at\/ordi\/\"]}]},{\"@type\":\"BreadcrumbList\",\"@id\":\"https:\/\/www.ortho-fekete.at\/ordi\/#breadcrumb\",\"itemListElement\":[{\"@type\":\"ListItem\",\"position\":1,\"item\":{\"@type\":\"WebPage\",\"@id\":\"https:\/\/www.ortho-fekete.at\/ordi\/\",\"url\":\"https:\/\/www.ortho-fekete.at\/ordi\/\",\"name\":\"Startseite\"}},{\"@type\":\"ListItem\",\"position\":2,\"item\":{\"@id\":\"https:\/\/www.ortho-fekete.at\/ordi\/#webpage\"}}]}]}<\/script>\n<!-- \/ Yoast SEO plugin. -->","_links":{"self":[{"href":"https:\/\/www.ortho-fekete.at\/ordi\/index.php?rest_route=\/wp\/v2\/pages\/20"}],"collection":[{"href":"https:\/\/www.ortho-fekete.at\/ordi\/index.php?rest_route=\/wp\/v2\/pages"}],"about":[{"href":"https:\/\/www.ortho-fekete.at\/ordi\/index.php?rest_route=\/wp\/v2\/types\/page"}],"author":[{"embeddable":true,"href":"https:\/\/www.ortho-fekete.at\/ordi\/index.php?rest_route=\/wp\/v2\/users\/1"}],"replies":[{"embeddable":true,"href":"https:\/\/www.ortho-fekete.at\/ordi\/index.php?rest_route=%2Fwp%2Fv2%2Fcomments&post=20"}],"version-history":[{"count":55,"href":"https:\/\/www.ortho-fekete.at\/ordi\/index.php?rest_route=\/wp\/v2\/pages\/20\/revisions"}],"predecessor-version":[{"id":872,"href":"https:\/\/www.ortho-fekete.at\/ordi\/index.php?rest_route=\/wp\/v2\/pages\/20\/revisions\/872"}],"wp:attachment":[{"href":"https:\/\/www.ortho-fekete.at\/ordi\/index.php?rest_route=%2Fwp%2Fv2%2Fmedia&parent=20"}],"curies":[{"name":"wp","href":"https:\/\/api.w.org\/{rel}","templated":true}]}}