{"id":165,"date":"2021-03-20T11:07:49","date_gmt":"2021-03-20T10:07:49","guid":{"rendered":"http:\/\/www.ortho-fekete.at\/ordi\/?page_id=165"},"modified":"2021-06-05T08:57:27","modified_gmt":"2021-06-05T06:57:27","slug":"impressum","status":"publish","type":"page","link":"https:\/\/www.ortho-fekete.at\/ordi\/?page_id=165","title":{"rendered":"Impressum"},"content":{"rendered":"\n<p><strong>Information gem\u00e4\u00df \u00a7 5 E-Commerce-Gesetz und Offenlegung gem\u00e4\u00df \u00a7 25 Mediengesetz<\/strong><br>Orthop\u00e4die Fekete &#8211; Dr. Andrea Fekete<\/p>\n\n\n\n<p><strong>Adresse<\/strong><br>Brodschildstra\u00dfe 31<br>2000 Stockerau<\/p>\n\n\n\n<p><strong>Kontakt<\/strong><br>Telefon: +43 660\/23 22 301<br>E mail: ordination@ortho-fekete.at<br>Website: ortho-fekete.at<\/p>\n\n\n\n<p><strong>Berufsbezeichnung<\/strong><br>Fach\u00e4rztin f\u00fcr Orthop\u00e4die und orthop\u00e4dische Chirurgie<br>Fach\u00e4rztin f\u00fcr Allgemeinmedizin<br>(Beide verliehen in \u00d6sterreich)<\/p>\n\n\n\n<p><strong>Kammerzugeh\u00f6rigkeit<\/strong><br>\u00c4rztekammer f\u00fcr Wien<br>\u00c4rztekammer f\u00fcr Nieder\u00f6sterreich<\/p>\n\n\n\n<p><strong>Arztnummer<\/strong><br>53610-57<\/p>\n\n\n\n<p><strong>Mitgliedschaften<\/strong><br>\u00d6GO: \u00d6sterr. Gesellschaft f\u00fcr Orthop\u00e4die und orthop\u00e4dische Chirurgie &#8211; www.orthopaedics.or.at<br>\u00d6GOuT: \u00d6sterreichische Gesellschaft f\u00fcr Orthop\u00e4die und Traumatologie &#8211; www.oegout.at<\/p>\n\n\n\n<p><strong>F\u00fcr den Inhalt verantwortlich<\/strong><br>Dr. Andrea Fekete<\/p>\n\n\n\n<p><strong>Bilder<\/strong><br>Adobe Stock<\/p>\n\n\n\n<p><strong>Fotos<\/strong><br>Hr. Harald Valka-Jepp<\/p>\n\n\n\n<p><strong>Haftungsausschluss<\/strong><br>Die inhaltliche Gestaltung erfolgte mit gr\u00f6\u00dfter Sorgfalt und Gewissenhaftigkeit, dennoch \u00fcbernimmt die Ordination Dr. Fekete keine Haftung f\u00fcr deren Aktualit\u00e4t sowie Vollst\u00e4ndigkeit. Die auf der Web-Seite zur Verf\u00fcgung gestellten Informationen dienen ausschlie\u00dflich der pers\u00f6nlichen Information von PatientInnen und Interessierten. Aus diesem Grund ist die unerlaubte Weiterverwendung und Reproduktion \u00fcber den pers\u00f6nlichen Gebrauch hinaus unter Berufung auf das Urheberrecht nicht gestattet. Trotz sorgf\u00e4ltiger inhaltlicher Kontrolle wird keine Haftung f\u00fcr Inhalte externer Links \u00fcbernommen. F\u00fcr den Inhalt der verlinkten Seiten sind ausschlie\u00dflich deren Betreiber verantwortlich.<\/p>\n\n\n<p><strong>1. Inhalt des Onlineangebotes<\/strong><br \/>Der Autor \u00fcbernimmt keinerlei Gew\u00e4hr f\u00fcr die Aktualit\u00e4t, Korrektheit, Vollst\u00e4ndigkeit oder Qualit\u00e4t der bereitgestellten Informationen. Haftungsanspr\u00fcche gegen die Autorin, welche sich auf Sch\u00e4den materieller oder ideeller Art beziehen, die durch die Nutzung oder Nichtnutzung der dargebotenen Informationen bzw. durch die Nutzung fehlerhafter und unvollst\u00e4ndiger Informationen verursacht wurden, sind grunds\u00e4tzlich ausgeschlossen, sofern seitens der Autorin kein nachweislich vors\u00e4tzliches oder grob fahrl\u00e4ssiges Verschulden vorliegt.<br \/>Alle Angebote sind freibleibend und unverbindlich. Die Autorin beh\u00e4lt es sich ausdr\u00fccklich vor, Teile der Seiten oder das gesamte Angebot ohne gesonderte Ank\u00fcndigung zu ver\u00e4ndern, zu erg\u00e4nzen, zu l\u00f6schen oder die Ver\u00f6ffentlichung zeitweise oder endg\u00fcltig einzustellen.<\/p>\n<p><strong>2. Verweise und Links<\/strong><br \/>Bei direkten oder indirekten Verweisen auf fremde Webseiten (\u201eHyperlinks\u201c), die au\u00dferhalb des Verantwortungsbereiches des Autors liegen, w\u00fcrde eine Haftungsverpflichtung ausschlie\u00dflich in dem Fall in Kraft treten, in dem der Autor von den Inhalten Kenntnis hat und es ihm technisch m\u00f6glich und zumutbar w\u00e4re, die Nutzung im Falle rechtswidriger Inhalte zu verhindern.<\/p>\n<p>Der Autor erkl\u00e4rt hiermit ausdr\u00fccklich, dass zum Zeitpunkt der Linksetzung keine illegalen Inhalte auf den zu verlinkenden Seiten erkennbar waren. Auf die aktuelle und zuk\u00fcnftige Gestaltung, die Inhalte oder die Urheberschaft der verlinkten\/verkn\u00fcpften Seiten hat der Autor keinerlei Einfluss. Deshalb distanziert er sich hiermit ausdr\u00fccklich von allen Inhalten aller verlinkten \/verkn\u00fcpften Seiten, die nach der Linksetzung ver\u00e4ndert wurden. Diese Feststellung gilt f\u00fcr alle innerhalb des eigenen Internetangebotes gesetzten Links und Verweise sowie f\u00fcr Fremdeintr\u00e4ge in vom Autor eingerichteten G\u00e4steb\u00fcchern, Diskussionsforen, Linkverzeichnissen, Mailinglisten und in allen anderen Formen von Datenbanken, auf deren Inhalt externe Schreibzugriffe m\u00f6glich sind. F\u00fcr illegale, fehlerhafte oder unvollst\u00e4ndige Inhalte und insbesondere f\u00fcr Sch\u00e4den, die aus der Nutzung oder Nichtnutzung solcherart dargebotener Informationen entstehen, haftet allein der Anbieter der Seite, auf welche verwiesen wurde, nicht derjenige, der \u00fcber Links auf die jeweilige Ver\u00f6ffentlichung lediglich verweist.<\/p>\n<p><strong>3. Urheber- und Kennzeichenrecht<\/strong><br \/>Der Autor ist bestrebt, in allen Publikationen die Urheberrechte der verwendeten Bilder, Grafiken, Tondokumente, Videosequenzen und Texte zu beachten, von ihm selbst erstellte Bilder, Grafiken, Tondokumente, Videosequenzen und Texte zu nutzen oder auf lizenzfreie Grafiken, Tondokumente, Videosequenzen und Texte zur\u00fcckzugreifen.<br \/>Alle innerhalb des Internetangebotes genannten und ggf. durch Dritte gesch\u00fctzten Marken- und Warenzeichen unterliegen uneingeschr\u00e4nkt den Bestimmungen des jeweils g\u00fcltigen Kennzeichenrechts und den Besitzrechten der jeweiligen eingetragenen Eigent\u00fcmer. Allein aufgrund der blo\u00dfen Nennung ist nicht der Schluss zu ziehen, dass Markenzeichen nicht durch Rechte Dritter gesch\u00fctzt sind!<br \/>Das Copyright f\u00fcr ver\u00f6ffentlichte, vom Autor selbst erstellte Objekte bleibt allein beim Autor der Seiten. Eine Vervielf\u00e4ltigung oder Verwendung solcher Grafiken, Tondokumente, Videosequenzen und Texte in anderen elektronischen oder gedruckten Publikationen ist ohne ausdr\u00fcckliche Zustimmung des Autors nicht gestattet.<\/p>\n<p><strong>Verwendetes Bildmaterial:<\/strong> Adobe Stock<\/p>\n<p><strong>4. Datenschutz<\/strong><br \/>Sofern innerhalb des Internetangebotes die M\u00f6glichkeit zur Eingabe pers\u00f6nlicher oder gesch\u00e4ftlicher Daten (Emailadressen, Namen, Anschriften) besteht, so erfolgt die Preisgabe dieser Daten seitens des Nutzers auf ausdr\u00fccklich freiwilliger Basis. Die Inanspruchnahme und Bezahlung aller angebotenen Dienste ist \u2013 soweit technisch m\u00f6glich und zumutbar \u2013 auch ohne Angabe solcher Daten bzw. unter Angabe anonymisierter Daten oder eines Pseudonyms gestattet. Die Nutzung der im Rahmen des Impressums oder vergleichbarer Angaben ver\u00f6ffentlichten Kontaktdaten wie Postanschriften, Telefon- und Faxnummern sowie Emailadressen durch Dritte zur \u00dcbersendung von nicht ausdr\u00fccklich angeforderten Informationen ist nicht gestattet. Rechtliche Schritte gegen die Versender von sogenannten Spam-Mails bei Verst\u00f6\u00dfen gegen dieses Verbot sind ausdr\u00fccklich vorbehalten.<\/p>\n<p><strong>5. Rechtswirksamkeit dieses Haftungsausschlusses<\/strong><br \/>Dieser Haftungsausschluss ist als Teil des Internetangebotes zu betrachten, von dem aus auf diese Seite verwiesen wurde. Sofern Teile oder einzelne Formulierungen dieses Textes der geltenden Rechtslage nicht, nicht mehr oder nicht vollst\u00e4ndig entsprechen sollten, bleiben die \u00fcbrigen Teile des Dokumentes in ihrem Inhalt und ihrer G\u00fcltigkeit davon unber\u00fchrt.<\/p>","protected":false},"excerpt":{"rendered":"<p>Information gem\u00e4\u00df \u00a7 5 E-Commerce-Gesetz und Offenlegung gem\u00e4\u00df \u00a7 25 MediengesetzOrthop\u00e4die Fekete &#8211; Dr. Andrea Fekete AdresseBrodschildstra\u00dfe 312000 Stockerau KontaktTelefon: +43 660\/23 22 301E mail: ordination@ortho-fekete.atWebsite: ortho-fekete.at BerufsbezeichnungFach\u00e4rztin f\u00fcr Orthop\u00e4die und orthop\u00e4dische ChirurgieFach\u00e4rztin f\u00fcr Allgemeinmedizin(Beide verliehen in \u00d6sterreich) Kammerzugeh\u00f6rigkeit\u00c4rztekammer f\u00fcr Wien\u00c4rztekammer f\u00fcr Nieder\u00f6sterreich Arztnummer53610-57 Mitgliedschaften\u00d6GO: \u00d6sterr. Gesellschaft f\u00fcr Orthop\u00e4die und orthop\u00e4dische Chirurgie &#8211; www.orthopaedics.or.at\u00d6GOuT: \u00d6sterreichische &hellip; <\/p>\n<p class=\"link-more\"><a href=\"https:\/\/www.ortho-fekete.at\/ordi\/?page_id=165\" class=\"more-link\">Continue reading<span class=\"screen-reader-text\"> &#8220;Impressum&#8221;<\/span><\/a><\/p>\n","protected":false},"author":1,"featured_media":0,"parent":0,"menu_order":0,"comment_status":"closed","ping_status":"closed","template":"","meta":[],"yoast_head":"<!-- This site is optimized with the Yoast SEO plugin v16.4 - https:\/\/yoast.com\/wordpress\/plugins\/seo\/ -->\n<title>Impressum - Orthop\u00e4die Fekete<\/title>\n<meta name=\"robots\" content=\"index, follow, max-snippet:-1, max-image-preview:large, max-video-preview:-1\" \/>\n<link rel=\"canonical\" href=\"https:\/\/www.ortho-fekete.at\/ordi\/?page_id=165\" \/>\n<meta property=\"og:locale\" content=\"en_US\" \/>\n<meta property=\"og:type\" content=\"article\" \/>\n<meta property=\"og:title\" content=\"Impressum - Orthop\u00e4die Fekete\" \/>\n<meta property=\"og:description\" content=\"Information gem\u00e4\u00df \u00a7 5 E-Commerce-Gesetz und Offenlegung gem\u00e4\u00df \u00a7 25 MediengesetzOrthop\u00e4die Fekete &#8211; Dr. Andrea Fekete AdresseBrodschildstra\u00dfe 312000 Stockerau KontaktTelefon: +43 660\/23 22 301E mail: ordination@ortho-fekete.atWebsite: ortho-fekete.at BerufsbezeichnungFach\u00e4rztin f\u00fcr Orthop\u00e4die und orthop\u00e4dische ChirurgieFach\u00e4rztin f\u00fcr Allgemeinmedizin(Beide verliehen in \u00d6sterreich) Kammerzugeh\u00f6rigkeit\u00c4rztekammer f\u00fcr Wien\u00c4rztekammer f\u00fcr Nieder\u00f6sterreich Arztnummer53610-57 Mitgliedschaften\u00d6GO: \u00d6sterr. Gesellschaft f\u00fcr Orthop\u00e4die und orthop\u00e4dische Chirurgie &#8211; www.orthopaedics.or.at\u00d6GOuT: \u00d6sterreichische &hellip; Continue reading &quot;Impressum&quot;\" \/>\n<meta property=\"og:url\" content=\"https:\/\/www.ortho-fekete.at\/ordi\/?page_id=165\" \/>\n<meta property=\"og:site_name\" content=\"Orthop\u00e4die Fekete\" \/>\n<meta property=\"article:modified_time\" content=\"2021-06-05T06:57:27+00:00\" \/>\n<meta name=\"twitter:card\" content=\"summary_large_image\" \/>\n<meta name=\"twitter:label1\" content=\"Est. reading time\" \/>\n\t<meta name=\"twitter:data1\" content=\"4 minutes\" \/>\n<script type=\"application\/ld+json\" class=\"yoast-schema-graph\">{\"@context\":\"https:\/\/schema.org\",\"@graph\":[{\"@type\":\"Organization\",\"@id\":\"https:\/\/www.ortho-fekete.at\/ordi\/#organization\",\"name\":\"Orthop\\u00e4die Fekete \\u2013 Dr. Andrea Fekete\",\"url\":\"https:\/\/www.ortho-fekete.at\/ordi\/\",\"sameAs\":[],\"logo\":{\"@type\":\"ImageObject\",\"@id\":\"https:\/\/www.ortho-fekete.at\/ordi\/#logo\",\"inLanguage\":\"en-US\",\"url\":\"http:\/\/www.ortho-fekete.at\/ordi\/wp-content\/uploads\/2021\/03\/cropped-Logo_Andrea_Fekete_RGB_512x512.png\",\"contentUrl\":\"http:\/\/www.ortho-fekete.at\/ordi\/wp-content\/uploads\/2021\/03\/cropped-Logo_Andrea_Fekete_RGB_512x512.png\",\"width\":512,\"height\":512,\"caption\":\"Orthop\\u00e4die Fekete \\u2013 Dr. Andrea Fekete\"},\"image\":{\"@id\":\"https:\/\/www.ortho-fekete.at\/ordi\/#logo\"}},{\"@type\":\"WebSite\",\"@id\":\"https:\/\/www.ortho-fekete.at\/ordi\/#website\",\"url\":\"https:\/\/www.ortho-fekete.at\/ordi\/\",\"name\":\"Orthop\\u00e4die Fekete\",\"description\":\"Dr. med. univ. Andrea Fekete - Fach\\u00e4rztin f\\u00fcr Orthop\\u00e4die und orthop\\u00e4dische Chirurgie\",\"publisher\":{\"@id\":\"https:\/\/www.ortho-fekete.at\/ordi\/#organization\"},\"potentialAction\":[{\"@type\":\"SearchAction\",\"target\":\"https:\/\/www.ortho-fekete.at\/ordi\/?s={search_term_string}\",\"query-input\":\"required name=search_term_string\"}],\"inLanguage\":\"en-US\"},{\"@type\":\"WebPage\",\"@id\":\"https:\/\/www.ortho-fekete.at\/ordi\/?page_id=165#webpage\",\"url\":\"https:\/\/www.ortho-fekete.at\/ordi\/?page_id=165\",\"name\":\"Impressum - Orthop\\u00e4die Fekete\",\"isPartOf\":{\"@id\":\"https:\/\/www.ortho-fekete.at\/ordi\/#website\"},\"datePublished\":\"2021-03-20T10:07:49+00:00\",\"dateModified\":\"2021-06-05T06:57:27+00:00\",\"breadcrumb\":{\"@id\":\"https:\/\/www.ortho-fekete.at\/ordi\/?page_id=165#breadcrumb\"},\"inLanguage\":\"en-US\",\"potentialAction\":[{\"@type\":\"ReadAction\",\"target\":[\"https:\/\/www.ortho-fekete.at\/ordi\/?page_id=165\"]}]},{\"@type\":\"BreadcrumbList\",\"@id\":\"https:\/\/www.ortho-fekete.at\/ordi\/?page_id=165#breadcrumb\",\"itemListElement\":[{\"@type\":\"ListItem\",\"position\":1,\"item\":{\"@type\":\"WebPage\",\"@id\":\"https:\/\/www.ortho-fekete.at\/ordi\/\",\"url\":\"https:\/\/www.ortho-fekete.at\/ordi\/\",\"name\":\"Startseite\"}},{\"@type\":\"ListItem\",\"position\":2,\"item\":{\"@id\":\"https:\/\/www.ortho-fekete.at\/ordi\/?page_id=165#webpage\"}}]}]}<\/script>\n<!-- \/ Yoast SEO plugin. -->","_links":{"self":[{"href":"https:\/\/www.ortho-fekete.at\/ordi\/index.php?rest_route=\/wp\/v2\/pages\/165"}],"collection":[{"href":"https:\/\/www.ortho-fekete.at\/ordi\/index.php?rest_route=\/wp\/v2\/pages"}],"about":[{"href":"https:\/\/www.ortho-fekete.at\/ordi\/index.php?rest_route=\/wp\/v2\/types\/page"}],"author":[{"embeddable":true,"href":"https:\/\/www.ortho-fekete.at\/ordi\/index.php?rest_route=\/wp\/v2\/users\/1"}],"replies":[{"embeddable":true,"href":"https:\/\/www.ortho-fekete.at\/ordi\/index.php?rest_route=%2Fwp%2Fv2%2Fcomments&post=165"}],"version-history":[{"count":7,"href":"https:\/\/www.ortho-fekete.at\/ordi\/index.php?rest_route=\/wp\/v2\/pages\/165\/revisions"}],"predecessor-version":[{"id":816,"href":"https:\/\/www.ortho-fekete.at\/ordi\/index.php?rest_route=\/wp\/v2\/pages\/165\/revisions\/816"}],"wp:attachment":[{"href":"https:\/\/www.ortho-fekete.at\/ordi\/index.php?rest_route=%2Fwp%2Fv2%2Fmedia&parent=165"}],"curies":[{"name":"wp","href":"https:\/\/api.w.org\/{rel}","templated":true}]}}