{"id":153,"date":"2021-03-20T10:58:53","date_gmt":"2021-03-20T09:58:53","guid":{"rendered":"http:\/\/www.ortho-fekete.at\/ordi\/?page_id=153"},"modified":"2021-06-05T08:49:38","modified_gmt":"2021-06-05T06:49:38","slug":"ellenbogen","status":"publish","type":"page","link":"https:\/\/www.ortho-fekete.at\/ordi\/?page_id=153","title":{"rendered":"Ellenbogen"},"content":{"rendered":"\n<p class=\"has-medium-font-size\"><strong>Erkrankungen des Ellenbogens<\/strong><\/p>\n\n\n\n<ul><li><a href=\"#tennisellenbogen\">Tennis- und Golferellenbogen<\/a><\/li><li><a href=\"#sulcusnerviulnaris\">Sulcus nervi ulnaris Syndrom<\/a><\/li><\/ul>\n\n\n\n<p>Das Ellenbogengelenk besteht aus drei Teilgelenken, die untereinander verbunden sind.<br>Das Gelenk aus Oberarm und Elle, das Gelenk aus Oberarm und Speiche und das Gelenk, das von Speiche und Elle gebildet wird.<br>An der Innen- und Au\u00dfenseite des Oberarmknochens liegt jeweils eine kn\u00f6cherne Erhebung, der sogenannte Epicondylus.<br>Die Gelenke erm\u00f6glichen ein Beugen und Strecken des Unterarms. Zudem lassen sie eine Wendebewegung im Unterarm zu.<br>Die gesamte Unterarmmuskulatur, die f\u00fcr die Beweglichkeit und Kraft der Finger und des Handgelenks ben\u00f6tigt wird, setzt \u00fcber den Sehnenans\u00e4tzen an den beiden Knochenvorspr\u00fcngen (Epikondylen) des Oberarmknochens an.<br>Durch \u00dcberlastung dieser Muskulatur entstehen mikroskopisch kleine Risse im Gewebe.<br>Diese k\u00f6nnen zu Ver\u00e4nderungen des Sehnengewebes f\u00fchren.<\/p>\n\n\n\n<h3><strong>Tennis und Golfer-Ellenbogen<\/strong><\/h3>\n\n\n\n<p>Darunter versteht man einen erworbenen, schmerzhaften Reizzustand der&nbsp;Sehnenans\u00e4tze&nbsp;von Muskeln des Unterarms, die an den beiden Knochenvorspr\u00fcngen <br>oberhalb des Epikondyls am&nbsp;unteren Teil des &nbsp;Oberarmknochens entspringen.<\/p>\n\n\n\n<p>Symptome\/Beschwerden<\/p>\n\n\n\n<p>Die Schmerzen im Ellenbogen \u00e4u\u00dfern sich als Druckschmerz am Gelenk.<br>Die Strecksehnen an der Au\u00dfenseite des Ellenbogens (Extensoren) sind gereizt.<br>Bei Belastung der Unterarmmuskeln nehmen die Schmerzen im Ellenbogengelenk zu.<br>Sie k\u00f6nnen auch in den Unter- und Oberarm ausstrahlen, die Kraft in den H\u00e4nden und Fingern kann nachlassen.<br>Anf\u00e4nglich treten Schmerzen nur bei Belastung (beim Faustschluss, Greifen oder Heben ) auf.<br>Im weiteren Krankheitsverlauf bleiben die Schmerzen auch im Ruhezustand bestehen.<\/p>\n\n\n\n<p>Therapie bei Epicondylitis<\/p>\n\n\n\n<p>Zun\u00e4chst muss der Patient seine gewohnten Bewegungsabl\u00e4ufe am Arbeitsplatz oder beim Sport so umstellen, dass er einseitige Belastungen vermeidet. <br>Begleitende Therapieans\u00e4tze unterst\u00fctzen das rasche Abklingen der Beschwerden:<\/p>\n\n\n\n<p><strong>Konservative Therapie:<\/strong><br>&#8211; Schmerz und entz\u00fcndungshemmende Medikamente (NSAR)<br>&#8211; Infiltrationen<br>&#8211; Spezielle Massagen (Querfriktion) <br>&#8211; Dehnungs\u00fcbungen (Zugkraft am Sehnenansatz und die Muskelspannung werden verringert)<br>&#8211; Ultraschall- oder Elektrotherapie <br>&#8211; Sto\u00dfwellentherapie: In hartn\u00e4ckigen F\u00e4llen oder bei bereits verkalkten Sehnenans\u00e4tzen.<br>&#8211; Bandagen (mit einer eingearbeiteten Pelotte, gezielter Druck auf die Sehnenans\u00e4tze)<br>&#8211; K\u00e4lte (im akuten Stadium und nach intensiven Belastungen) <br>&#8211; W\u00e4rme (bei einem chronischen Tennisarm oder Golfer-Ellenbogen)<\/p>\n\n\n\n<p><strong>Operative Therapie:<\/strong><br>Ist nur selten n\u00f6tig.<\/p>\n\n\n\n<h2 class=\"position\" id=\"tennisellenbogen\"><strong>Das Sulcus nervi ulnaris Syndrom<\/strong><\/h2>\n\n\n\n<p>Ist das zweith\u00e4ufigste Nervenengpasssyndrom, das M\u00e4nner h\u00e4ufiger betrifft als Frauen. <br>An der Kleinfingerseite des Ellenbogens wird hierbei der f\u00fcr Gef\u00fchl und Kraft eines Teiles der Hand verantwortliche Nervus Ulnaris <br>durch Bindegewebsstrukturen beim Gleiten in einer eigens daf\u00fcr vorhandenen Knochenrinne, dem Sulcus Ulnaris, eingeengt. <br>Kribbel- und Taubheitsgef\u00fchle an Ringfinger und kleinem Finger sowie und Verlust der Faustschlu\u00dfst\u00e4rke charakterisieren das klinische Bild. <br>In der Regel f\u00fchrt erst eine Operation zur prompten Besserung der Gef\u00fchlsst\u00f6rung und zur vollen Wiederherstellung der Kraft der Finger.<\/p>\n\n\n\n<p>Ursachen<\/p>\n\n\n\n<p>&#8211; Druckbelastungen auf dem Ellenbogen durch Aufst\u00fctzen oder schlechte Liegeposition<br>&#8211; Zugbelastungen (z.B. bei schweren k\u00f6rperlichen Arbeiten)<br>&#8211; Direktes stumpfes Trauma, Ganglien, Einklemmung zwischen Muskeln\/B\u00e4ndern<br>&#8211; Bruch im Bereich des Ellenbogens\/Oberarmbruch<br>&#8211; Polyneuropathien (z.B. bei Diabetes)<\/p>\n\n\n\n<p>Diagnose<\/p>\n\n\n\n<p>&#8211; Untersuchung<br>&#8211; Nervenleitgeschwindigkeitsmessung (NLG)<\/p>\n\n\n\n<p>Konservative Therapie<\/p>\n\n\n\n<p>Schmerz und entz\u00fcndungshemmende Medikamente<br>Lagerungsschiene<\/p>\n\n\n\n<p>Operative Therapie<\/p>\n\n\n\n<p>Dekompression des Nerven und Beseitigung der Ursache<br>Ev. ist die Verlagerung des Nerven n\u00f6tig<\/p>\n\n\n\n<p><\/p>\n","protected":false},"excerpt":{"rendered":"<p>Erkrankungen des Ellenbogens Tennis- und Golferellenbogen Sulcus nervi ulnaris Syndrom Das Ellenbogengelenk besteht aus drei Teilgelenken, die untereinander verbunden sind.Das Gelenk aus Oberarm und Elle, das Gelenk aus Oberarm und Speiche und das Gelenk, das von Speiche und Elle gebildet wird.An der Innen- und Au\u00dfenseite des Oberarmknochens liegt jeweils eine kn\u00f6cherne Erhebung, der sogenannte Epicondylus.Die &hellip; <\/p>\n<p class=\"link-more\"><a href=\"https:\/\/www.ortho-fekete.at\/ordi\/?page_id=153\" class=\"more-link\">Continue reading<span class=\"screen-reader-text\"> &#8220;Ellenbogen&#8221;<\/span><\/a><\/p>\n","protected":false},"author":1,"featured_media":0,"parent":0,"menu_order":0,"comment_status":"closed","ping_status":"closed","template":"","meta":[],"yoast_head":"<!-- This site is optimized with the Yoast SEO plugin v16.4 - https:\/\/yoast.com\/wordpress\/plugins\/seo\/ -->\n<title>Ellenbogen - Orthop\u00e4die Fekete<\/title>\n<meta name=\"robots\" content=\"index, follow, max-snippet:-1, max-image-preview:large, max-video-preview:-1\" \/>\n<link rel=\"canonical\" href=\"https:\/\/www.ortho-fekete.at\/ordi\/?page_id=153\" \/>\n<meta property=\"og:locale\" content=\"en_US\" \/>\n<meta property=\"og:type\" content=\"article\" \/>\n<meta property=\"og:title\" content=\"Ellenbogen - Orthop\u00e4die Fekete\" \/>\n<meta property=\"og:description\" content=\"Erkrankungen des Ellenbogens Tennis- und Golferellenbogen Sulcus nervi ulnaris Syndrom Das Ellenbogengelenk besteht aus drei Teilgelenken, die untereinander verbunden sind.Das Gelenk aus Oberarm und Elle, das Gelenk aus Oberarm und Speiche und das Gelenk, das von Speiche und Elle gebildet wird.An der Innen- und Au\u00dfenseite des Oberarmknochens liegt jeweils eine kn\u00f6cherne Erhebung, der sogenannte Epicondylus.Die &hellip; Continue reading &quot;Ellenbogen&quot;\" \/>\n<meta property=\"og:url\" content=\"https:\/\/www.ortho-fekete.at\/ordi\/?page_id=153\" \/>\n<meta property=\"og:site_name\" content=\"Orthop\u00e4die Fekete\" \/>\n<meta property=\"article:modified_time\" content=\"2021-06-05T06:49:38+00:00\" \/>\n<meta name=\"twitter:card\" content=\"summary_large_image\" \/>\n<meta name=\"twitter:label1\" content=\"Est. reading time\" \/>\n\t<meta name=\"twitter:data1\" content=\"3 minutes\" \/>\n<script type=\"application\/ld+json\" class=\"yoast-schema-graph\">{\"@context\":\"https:\/\/schema.org\",\"@graph\":[{\"@type\":\"Organization\",\"@id\":\"https:\/\/www.ortho-fekete.at\/ordi\/#organization\",\"name\":\"Orthop\\u00e4die Fekete \\u2013 Dr. Andrea Fekete\",\"url\":\"https:\/\/www.ortho-fekete.at\/ordi\/\",\"sameAs\":[],\"logo\":{\"@type\":\"ImageObject\",\"@id\":\"https:\/\/www.ortho-fekete.at\/ordi\/#logo\",\"inLanguage\":\"en-US\",\"url\":\"http:\/\/www.ortho-fekete.at\/ordi\/wp-content\/uploads\/2021\/03\/cropped-Logo_Andrea_Fekete_RGB_512x512.png\",\"contentUrl\":\"http:\/\/www.ortho-fekete.at\/ordi\/wp-content\/uploads\/2021\/03\/cropped-Logo_Andrea_Fekete_RGB_512x512.png\",\"width\":512,\"height\":512,\"caption\":\"Orthop\\u00e4die Fekete \\u2013 Dr. Andrea Fekete\"},\"image\":{\"@id\":\"https:\/\/www.ortho-fekete.at\/ordi\/#logo\"}},{\"@type\":\"WebSite\",\"@id\":\"https:\/\/www.ortho-fekete.at\/ordi\/#website\",\"url\":\"https:\/\/www.ortho-fekete.at\/ordi\/\",\"name\":\"Orthop\\u00e4die Fekete\",\"description\":\"Dr. med. univ. Andrea Fekete - Fach\\u00e4rztin f\\u00fcr Orthop\\u00e4die und orthop\\u00e4dische Chirurgie\",\"publisher\":{\"@id\":\"https:\/\/www.ortho-fekete.at\/ordi\/#organization\"},\"potentialAction\":[{\"@type\":\"SearchAction\",\"target\":\"https:\/\/www.ortho-fekete.at\/ordi\/?s={search_term_string}\",\"query-input\":\"required name=search_term_string\"}],\"inLanguage\":\"en-US\"},{\"@type\":\"WebPage\",\"@id\":\"https:\/\/www.ortho-fekete.at\/ordi\/?page_id=153#webpage\",\"url\":\"https:\/\/www.ortho-fekete.at\/ordi\/?page_id=153\",\"name\":\"Ellenbogen - Orthop\\u00e4die Fekete\",\"isPartOf\":{\"@id\":\"https:\/\/www.ortho-fekete.at\/ordi\/#website\"},\"datePublished\":\"2021-03-20T09:58:53+00:00\",\"dateModified\":\"2021-06-05T06:49:38+00:00\",\"breadcrumb\":{\"@id\":\"https:\/\/www.ortho-fekete.at\/ordi\/?page_id=153#breadcrumb\"},\"inLanguage\":\"en-US\",\"potentialAction\":[{\"@type\":\"ReadAction\",\"target\":[\"https:\/\/www.ortho-fekete.at\/ordi\/?page_id=153\"]}]},{\"@type\":\"BreadcrumbList\",\"@id\":\"https:\/\/www.ortho-fekete.at\/ordi\/?page_id=153#breadcrumb\",\"itemListElement\":[{\"@type\":\"ListItem\",\"position\":1,\"item\":{\"@type\":\"WebPage\",\"@id\":\"https:\/\/www.ortho-fekete.at\/ordi\/\",\"url\":\"https:\/\/www.ortho-fekete.at\/ordi\/\",\"name\":\"Startseite\"}},{\"@type\":\"ListItem\",\"position\":2,\"item\":{\"@id\":\"https:\/\/www.ortho-fekete.at\/ordi\/?page_id=153#webpage\"}}]}]}<\/script>\n<!-- \/ Yoast SEO plugin. -->","_links":{"self":[{"href":"https:\/\/www.ortho-fekete.at\/ordi\/index.php?rest_route=\/wp\/v2\/pages\/153"}],"collection":[{"href":"https:\/\/www.ortho-fekete.at\/ordi\/index.php?rest_route=\/wp\/v2\/pages"}],"about":[{"href":"https:\/\/www.ortho-fekete.at\/ordi\/index.php?rest_route=\/wp\/v2\/types\/page"}],"author":[{"embeddable":true,"href":"https:\/\/www.ortho-fekete.at\/ordi\/index.php?rest_route=\/wp\/v2\/users\/1"}],"replies":[{"embeddable":true,"href":"https:\/\/www.ortho-fekete.at\/ordi\/index.php?rest_route=%2Fwp%2Fv2%2Fcomments&post=153"}],"version-history":[{"count":8,"href":"https:\/\/www.ortho-fekete.at\/ordi\/index.php?rest_route=\/wp\/v2\/pages\/153\/revisions"}],"predecessor-version":[{"id":813,"href":"https:\/\/www.ortho-fekete.at\/ordi\/index.php?rest_route=\/wp\/v2\/pages\/153\/revisions\/813"}],"wp:attachment":[{"href":"https:\/\/www.ortho-fekete.at\/ordi\/index.php?rest_route=%2Fwp%2Fv2%2Fmedia&parent=153"}],"curies":[{"name":"wp","href":"https:\/\/api.w.org\/{rel}","templated":true}]}}