{"id":147,"date":"2021-03-20T10:53:47","date_gmt":"2021-03-20T09:53:47","guid":{"rendered":"http:\/\/www.ortho-fekete.at\/ordi\/?page_id=147"},"modified":"2021-06-04T18:31:14","modified_gmt":"2021-06-04T16:31:14","slug":"hueftgelenk","status":"publish","type":"page","link":"https:\/\/www.ortho-fekete.at\/ordi\/?page_id=147","title":{"rendered":"H\u00fcftgelenk"},"content":{"rendered":"\n<div class=\"wp-block-media-text alignwide is-stacked-on-mobile\" style=\"grid-template-columns:23% auto\"><figure class=\"wp-block-media-text__media\"><img loading=\"lazy\" width=\"1024\" height=\"983\" src=\"http:\/\/www.ortho-fekete.at\/ordi\/wp-content\/uploads\/2021\/04\/Huefte-1024x983.png\" alt=\"\" class=\"wp-image-302 size-full\" srcset=\"https:\/\/www.ortho-fekete.at\/ordi\/wp-content\/uploads\/2021\/04\/Huefte-1024x983.png 1024w, https:\/\/www.ortho-fekete.at\/ordi\/wp-content\/uploads\/2021\/04\/Huefte-300x288.png 300w, https:\/\/www.ortho-fekete.at\/ordi\/wp-content\/uploads\/2021\/04\/Huefte-768x737.png 768w, https:\/\/www.ortho-fekete.at\/ordi\/wp-content\/uploads\/2021\/04\/Huefte-1536x1475.png 1536w, https:\/\/www.ortho-fekete.at\/ordi\/wp-content\/uploads\/2021\/04\/Huefte.png 1749w\" sizes=\"(max-width: 767px) 89vw, (max-width: 1000px) 54vw, (max-width: 1071px) 543px, 580px\" \/><\/figure><div class=\"wp-block-media-text__content\">\n<p class=\"has-medium-font-size\"><br><strong>Erkrankungen des H\u00fcftgelenkes<\/strong><\/p>\n\n\n\n<ul><li><a href=\"#bursitistrochanterica\">Schleimbeutel-Entz\u00fcndung am H\u00fcftgelenk (Bursitis trochanterica)<\/a><\/li><li>Verspannung der H\u00fcftmuskulatur mit degenerativen Ver\u00e4nderungen der Muskelans\u00e4tze (Periarthritis coxae)<\/li><li>Erkrankung des Sehnenansatzes des mittleren Ges\u00e4\u00dfmuskels<\/li><li><a href=\"#coxarthrose\">H\u00fcftarthrose (Coxarthrose)<\/a><\/li><li>Bakterielle Entz\u00fcndung des H\u00fcftgelenks (bakterielle Coxitis)<\/li><li>\u201eSchnappende H\u00fcfte\u201c (Coxa saltans)<\/li><\/ul>\n<\/div><\/div>\n\n\n\n<p>Das H\u00fcftgelenk ist das zweitgr\u00f6\u00dfte Gelenk nach dem Kniegelenk und verbindet den Rumpf mit den Beinen.<br>Gebildet wird es von der H\u00fcftgelenkspfanne (Acetabulum) und dem Kopf des Oberschenkelknochens (Caput femoris).<br>Da es sich um ein Kugelgelenk handelt, l\u00e4sst sich das Bein in alle Richtungen bewegen und drehen. <br>Stabilisiert wird das H\u00fcftgelenk haupts\u00e4chlich von drei starken B\u00e4ndern sowie von der umgebenden H\u00fcftmuskulatur.<\/p>\n\n\n\n<p>Zwischen den Muskeln und Knochen der H\u00fcfte liegen Schleimbeutel, die ein reibungsarmes Gleiten der Muskelsehnen und dadurch einen ungest\u00f6rten Bewegungsablauf erm\u00f6glichen.<br>Im Inneren des H\u00fcftgelenks befindet sich die Gelenkfl\u00fcssigkeit. <br>Sie versorgt den Knorpel mit N\u00e4hrstoffen und ist zudem f\u00fcr die Schmierung des H\u00fcftgelenks verantwortlich.<\/p>\n\n\n\n<h2 class=\"position\" id=\"bursitistrochanterica\"><strong>Schleimbeutel-Entz\u00fcndung am H\u00fcftgelenk (Bursitis trochanterica)<\/strong><\/h2>\n\n\n\n<p>Schmerzhafte Schleimbeutel-Entz\u00fcndung am H\u00fcftgelenk, h\u00e4ufig bei Frauen oder Sportlern (z. B. Langstreckenl\u00e4ufer). <br>Die Entz\u00fcndung wird meistens durch \u00dcberbelastung ausgel\u00f6st.<br>Weitere Ursachen sind z.B. ein Sturz auf die H\u00fcfte oder ein ver\u00e4ndertes Gangbild (z.B. unterschiedliche Beinl\u00e4ngen, Schmerzen in R\u00fccken oder Knie).<\/p>\n\n\n\n<h3 style=\"line-height:1.5\">Symptome\/Beschwerden<\/h3>\n\n\n\n<p>Schmerzen an der Au\u00dfenseite der H\u00fcfte, die verst\u00e4rkt werden beim Gehen oder bei Bewegungen, die die Ges\u00e4\u00dfmuskulatur belasten (z. B. Treppensteigen), <br>Langen Stehen, aber auch langem Sitzen<br>Abspreizen oder nach au\u00dfen Drehen des Beins (z. B. im Schneidersitz)<br>Liegen auf der betroffenen Seite<br>In das Ges\u00e4\u00df und bis in die Wade ausstrahlende Schmerzen<br>Manchmal Schwellung und R\u00f6tung an der Au\u00dfenseite der H\u00fcfte<br>Schmerzbedingtes Hinken<\/p>\n\n\n\n<h3>Therapie<\/h3>\n\n\n\n<p>NSAR (Schmerz und entz\u00fcndungshemmende Mittel)<br>Infiltrationen mit entz\u00fcndungshemmenden Medikamenten<br>Physikalische Therapie<br>R\u00f6ntgenschwachbestrahlung<\/p>\n\n\n\n<h3>Was sie selbst tun k\u00f6nnen<\/h3>\n\n\n\n<p><strong>Bewegung:<\/strong><br>Trotz Schonung der H\u00fcfte sollten Sie in Bewegung bleiben (z.B. moderates Radfahren).<br>Es sind alle Bewegungen erlaubt, die keine Schmerzen bereiten.<br><br><strong>Kr\u00e4ftigungs- und Dehn\u00fcbungen:<\/strong><br>Dehnen und kr\u00e4ftigen Sie Ihre H\u00fcftmuskulatur, um Schon- und Fehlhaltungen zu verhindern.<br>Das beugt einer zuk\u00fcnftigen Bursitis trochanterica vor.<br><br><strong>Normalgewicht halten:<\/strong><br>Jedes Kilo \u00dcbergewicht belastet das H\u00fcftgelenk zus\u00e4tzlich und beg\u00fcnstigt somit eine Schleimbeutelentz\u00fcndung<br><br><strong>K\u00e4lte:<\/strong><br>Das K\u00fchlen der H\u00fcfte lindert die Schmerzen.<br>W\u00e4rme sollte bei Bursitis trochanterica vermieden werden.<br><br><strong>Einlagen:<\/strong><br>Bei unterschiedlich langen Beinen eignen sich Schuheinlagen, die die L\u00e4ngenunterschiede ausgleichen.<br>Fehlhaltungen werden so vermieden und der Entstehung einer Bursitis trochanterica vorgebeugt.<\/p>\n\n\n\n<h2 class=\"position\" id=\"coxarthrose\"><strong>H\u00fcftgelenksarthrose (Coxarthrose)<\/strong><\/h2>\n\n\n\n<p style=\"line-height:1.5\">Ist eine Erkrankung des H\u00fcftgelenks durch eine zunehmende Abn\u00fctzung des Gelenkknorpels.<br>Reiben die \u201enackten\u201c Knochenfl\u00e4chen aneinander, entstehen starke Schmerzen und Bewegungseinschr\u00e4nkungen. <br>Unbehandelt kann dies zu zu einem kompletten Funktionsverlust des H\u00fcftgelenks f\u00fchren. <br>Meist sind \u00e4ltere Menschen (>50 Jahre) von der H\u00fcftgelenksarthrose betroffen. <br>Doch auch jahrelange \u00dcberbelastungen, rheumatische Erkrankungen, angeborene Fehlstellungen sowie \u00dcbergewicht k\u00f6nnen die Arthrose verursachen.<\/p>\n\n\n\n<h3 style=\"line-height:1.5\">Symptome\/Beschwerden<\/h3>\n\n\n\n<div class=\"wp-block-columns\">\n<div class=\"wp-block-column\" style=\"flex-basis:100%\">\n<div class=\"wp-block-group\"><div class=\"wp-block-group__inner-container\">\n<p><strong>Im Fr\u00fchstadium:<\/strong><br>&#8211; Schmerzen bei Belastungen der H\u00fcfte (Gehen, Treppensteigen, \u00dcbereinanderschlagen der Beine) <br>&#8211; Ausstrahlung der Schmerzen in die Leiste, in das Ges\u00e4\u00df oder Oberschenkel <br>&#8211; Morgensteifigkeit und Anlaufschmerzen:<strong> <\/strong>Beschwerden nach dem Aufstehen oder nach l\u00e4ngeren Pausen, die nach einiger Zeit nachlassen <br>&#8211; Knirschende oder knackende Ger\u00e4usche bei Bewegung der H\u00fcfte <br>&#8211; Kraftverlust und Bewegungseinschr\u00e4nkung im H\u00fcftgelenk<br>&#8211; Oft ist zuerst die Innenrotation des Beines schmerzhaft und eingeschr\u00e4nkt.<\/p>\n<\/div><\/div>\n<\/div>\n<\/div>\n\n\n\n<p><strong>Im Sp\u00e4tstadium:<\/strong><br>&#8211; Zunehmende, diffuse Schmerzen auch in Ruhe <br>&#8211; Starke Bewegungseinschr\u00e4nkung<br>&#8211; Im Sp\u00e4tstadium ist auch die Au\u00dfenrotation und die Streckung des Oberschenkels kaum noch m\u00f6glich.<br>&#8211; Ein durch Arthrose vorgesch\u00e4digtes Gelenk kann sich zus\u00e4tzlich entz\u00fcnden (aktivierte Arthrose). <br>  <\/p>\n\n\n\n<h3>Konservative Therapie<\/h3>\n\n\n\n<p><strong>Physiotherapie:<\/strong><br>Dehn- und Bewegungs\u00fcbungen kr\u00e4ftigen die H\u00fcftmuskulatur, entlasten das H\u00fcftgelenk und halten es beweglich.<br><strong>Physikalische Therapie:<\/strong><br>W\u00e4rme oder elektrische Reize regen die Durchblutung des Gelenks sowie der Muskeln an und tragen damit zur Schmerzlinderung bei.<br>K\u00e4lteanwendungen bei aktivierter Arthrose an (abschwellend und entz\u00fcndungshemmend).<br><strong>Medikament\u00f6se Schmerztherapie:<\/strong><br>Z.B Ibuprofen oder Diclofenac, wirken zus\u00e4tzlich entz\u00fcndungshemmend.<br><strong>Injektionen: <\/strong><br>Spritzen von Kortison in das H\u00fcftgelenk. Auch Hyalurons\u00e4ure wird dazu eingesetzt.<\/p>\n\n\n\n<p>Eine Arthrose ist jedoch nicht heilbar. Somit k\u00f6nnen diese Ma\u00dfnahmen den weiteren Krankheitsverlauf zwar verz\u00f6gern bzw. die Schmerzen mildern, die volle Funktionalit\u00e4t des H\u00fcftgelenks kann damit aber nicht wiederhergestellt werden.<\/p>\n\n\n\n<p><strong>Operative Therapie<\/strong><br>Wenn die Beschwerden trotz konservativer Therapie zunehmen, sollte ein Gelenkersatz der H\u00fcfte in Betracht gezogen werden. <br>Die Implantation einer H\u00fcfttotalendoprothese (HTEP) z\u00e4hlt zu den h\u00e4ufigsten Operationen innerhalb der orthop\u00e4dischen Chirurgie. <br>Hierbei wird das H\u00fcftgelenk durch ein k\u00fcnstliches H\u00fcftgelenk ersetzt. <br>Heutzutage stehen je nach Auspr\u00e4gung und Krankheitsgrad verschiedene Arten k\u00fcnstlicher H\u00fcftgelenke zur Verf\u00fcgung.<\/p>\n\n\n\n<p>Die minimal-invasive Operationstechnik mit Implantation von Kurzschaftprothesen geh\u00f6rt dabei zum Standard mit dem Ziel <br>gewebeschonend und knochenerhaltend zu operieren um dem Patienten eine rasche und schmerzarme Rehabilitation zu erm\u00f6glichen.<\/p>\n\n\n\n<h3>Was sie selbst tun k\u00f6nnen<\/h3>\n\n\n\n<p>Die Abnutzung des Gelenkknorpels ist ein normaler Prozess im Laufe der Zeit.<br>Mit einigen Verhaltensweisen k\u00f6nnen Sie diesen Vorgang jedoch verlangsamen oder die Behandlung einer Arthrose effektiv unterst\u00fctzen.<\/p>\n\n\n\n<p><strong>Normalgewicht halten:<\/strong><br>Die Abnutzung der Gelenkknorpel wird beschleunigt, wenn das H\u00fcftgelenk dauerhaft \u00fcberlastet ist.<br>Jedes Kilo \u00dcbergewicht ist eine zus\u00e4tzliche Belastung f\u00fcr den Knorpel.<\/p>\n\n\n\n<p><strong>H\u00fcftschonendes Verhalten:<\/strong><br>Vermeiden Sie Sportarten bei denen der Gelenkknorpel durch st\u00e4ndige St\u00f6\u00dfe und Ersch\u00fctterungen stark belastet wird. <br>Dazu geh\u00f6ren z.B. Squash, Kampfs- und Kontaktportarten.<\/p>\n\n\n\n<p><strong>Muskelaufbau:<\/strong><br>Besser geeignet sind hingegen Aktivit\u00e4ten wie Radfahren, Schwimmen oder Wandern<\/p>\n\n\n\n<p><strong>Gelenke regelm\u00e4\u00dfig entlasten:<\/strong><br>Langes Stehen oder das Heben schwerer Lasten belastet H\u00fcft- und Kniegelenke stark.<br>Legen Sie regelm\u00e4\u00dfig Pausen ein, setzen Sie sich immer wieder hin, damit sich die Gelenke erholen.<\/p>\n\n\n\n<p><strong>Gehhilfen:<\/strong><br>Durch einen Gehstock oder Rollator wird die Belastung der H\u00fcftgelenke effektiv reduziert und Schmerzen gelindert.<\/p>\n\n\n\n<p><strong>Geeignetes Schuhwerk:<\/strong><br>Flache Schuhe mit einer d\u00e4mpfenden Sohle sind im Alltag und bei sportlichen Aktivit\u00e4ten empfehlenswert. <br>Leichte Fehlstellungen in den Gelenken des Beines lassen sich durch geeignete Einlagen unkompliziert korrigieren und beugen damit einer fr\u00fchzeitigen Abnutzung der Gelenke vor.<\/p>\n\n\n\n<p><strong>Bewegung: <\/strong><br>Es gibt \u00dcbungen, mit denen Sie die H\u00fcftmuskulatur und das Gelenk regelm\u00e4\u00dfig dehnen und bewegen.<br>Dies beugt einer Verk\u00fcrzung und Versteifung der Muskulatur und Gelenkkapsel vor und erh\u00e4lt die Beweglichkeit. <br>Dieses erlernen Sie bei einer Heilgymnastik.<br><br><strong>Nahrungserg\u00e4nzungsmittel:<\/strong><br>Z.B. Chondroitinsulfat oder Glucosaminhydrochlorid. <br><\/p>\n","protected":false},"excerpt":{"rendered":"<p>Erkrankungen des H\u00fcftgelenkes Schleimbeutel-Entz\u00fcndung am H\u00fcftgelenk (Bursitis trochanterica) Verspannung der H\u00fcftmuskulatur mit degenerativen Ver\u00e4nderungen der Muskelans\u00e4tze (Periarthritis coxae) Erkrankung des Sehnenansatzes des mittleren Ges\u00e4\u00dfmuskels H\u00fcftarthrose (Coxarthrose) Bakterielle Entz\u00fcndung des H\u00fcftgelenks (bakterielle Coxitis) \u201eSchnappende H\u00fcfte\u201c (Coxa saltans) Das H\u00fcftgelenk ist das zweitgr\u00f6\u00dfte Gelenk nach dem Kniegelenk und verbindet den Rumpf mit den Beinen.Gebildet wird es von &hellip; <\/p>\n<p class=\"link-more\"><a href=\"https:\/\/www.ortho-fekete.at\/ordi\/?page_id=147\" class=\"more-link\">Continue reading<span class=\"screen-reader-text\"> &#8220;H\u00fcftgelenk&#8221;<\/span><\/a><\/p>\n","protected":false},"author":1,"featured_media":0,"parent":0,"menu_order":0,"comment_status":"closed","ping_status":"closed","template":"","meta":[],"yoast_head":"<!-- This site is optimized with the Yoast SEO plugin v16.4 - https:\/\/yoast.com\/wordpress\/plugins\/seo\/ -->\n<title>H\u00fcftgelenk - Orthop\u00e4die Fekete<\/title>\n<meta name=\"robots\" content=\"index, follow, max-snippet:-1, max-image-preview:large, max-video-preview:-1\" \/>\n<link rel=\"canonical\" href=\"https:\/\/www.ortho-fekete.at\/ordi\/?page_id=147\" \/>\n<meta property=\"og:locale\" content=\"en_US\" \/>\n<meta property=\"og:type\" content=\"article\" \/>\n<meta property=\"og:title\" content=\"H\u00fcftgelenk - Orthop\u00e4die Fekete\" \/>\n<meta property=\"og:description\" content=\"Erkrankungen des H\u00fcftgelenkes Schleimbeutel-Entz\u00fcndung am H\u00fcftgelenk (Bursitis trochanterica) Verspannung der H\u00fcftmuskulatur mit degenerativen Ver\u00e4nderungen der Muskelans\u00e4tze (Periarthritis coxae) Erkrankung des Sehnenansatzes des mittleren Ges\u00e4\u00dfmuskels H\u00fcftarthrose (Coxarthrose) Bakterielle Entz\u00fcndung des H\u00fcftgelenks (bakterielle Coxitis) \u201eSchnappende H\u00fcfte\u201c (Coxa saltans) Das H\u00fcftgelenk ist das zweitgr\u00f6\u00dfte Gelenk nach dem Kniegelenk und verbindet den Rumpf mit den Beinen.Gebildet wird es von &hellip; Continue reading &quot;H\u00fcftgelenk&quot;\" \/>\n<meta property=\"og:url\" content=\"https:\/\/www.ortho-fekete.at\/ordi\/?page_id=147\" \/>\n<meta property=\"og:site_name\" content=\"Orthop\u00e4die Fekete\" \/>\n<meta property=\"article:modified_time\" content=\"2021-06-04T16:31:14+00:00\" \/>\n<meta property=\"og:image\" content=\"http:\/\/www.ortho-fekete.at\/ordi\/wp-content\/uploads\/2021\/04\/Huefte-1024x983.png\" \/>\n<meta name=\"twitter:card\" content=\"summary_large_image\" \/>\n<meta name=\"twitter:label1\" content=\"Est. reading time\" \/>\n\t<meta name=\"twitter:data1\" content=\"5 minutes\" \/>\n<script type=\"application\/ld+json\" class=\"yoast-schema-graph\">{\"@context\":\"https:\/\/schema.org\",\"@graph\":[{\"@type\":\"Organization\",\"@id\":\"https:\/\/www.ortho-fekete.at\/ordi\/#organization\",\"name\":\"Orthop\\u00e4die Fekete \\u2013 Dr. Andrea Fekete\",\"url\":\"https:\/\/www.ortho-fekete.at\/ordi\/\",\"sameAs\":[],\"logo\":{\"@type\":\"ImageObject\",\"@id\":\"https:\/\/www.ortho-fekete.at\/ordi\/#logo\",\"inLanguage\":\"en-US\",\"url\":\"http:\/\/www.ortho-fekete.at\/ordi\/wp-content\/uploads\/2021\/03\/cropped-Logo_Andrea_Fekete_RGB_512x512.png\",\"contentUrl\":\"http:\/\/www.ortho-fekete.at\/ordi\/wp-content\/uploads\/2021\/03\/cropped-Logo_Andrea_Fekete_RGB_512x512.png\",\"width\":512,\"height\":512,\"caption\":\"Orthop\\u00e4die Fekete \\u2013 Dr. Andrea Fekete\"},\"image\":{\"@id\":\"https:\/\/www.ortho-fekete.at\/ordi\/#logo\"}},{\"@type\":\"WebSite\",\"@id\":\"https:\/\/www.ortho-fekete.at\/ordi\/#website\",\"url\":\"https:\/\/www.ortho-fekete.at\/ordi\/\",\"name\":\"Orthop\\u00e4die Fekete\",\"description\":\"Dr. med. univ. Andrea Fekete - Fach\\u00e4rztin f\\u00fcr Orthop\\u00e4die und orthop\\u00e4dische Chirurgie\",\"publisher\":{\"@id\":\"https:\/\/www.ortho-fekete.at\/ordi\/#organization\"},\"potentialAction\":[{\"@type\":\"SearchAction\",\"target\":\"https:\/\/www.ortho-fekete.at\/ordi\/?s={search_term_string}\",\"query-input\":\"required name=search_term_string\"}],\"inLanguage\":\"en-US\"},{\"@type\":\"ImageObject\",\"@id\":\"https:\/\/www.ortho-fekete.at\/ordi\/?page_id=147#primaryimage\",\"inLanguage\":\"en-US\",\"url\":\"http:\/\/www.ortho-fekete.at\/ordi\/wp-content\/uploads\/2021\/04\/Huefte-1024x983.png\",\"contentUrl\":\"http:\/\/www.ortho-fekete.at\/ordi\/wp-content\/uploads\/2021\/04\/Huefte-1024x983.png\"},{\"@type\":\"WebPage\",\"@id\":\"https:\/\/www.ortho-fekete.at\/ordi\/?page_id=147#webpage\",\"url\":\"https:\/\/www.ortho-fekete.at\/ordi\/?page_id=147\",\"name\":\"H\\u00fcftgelenk - Orthop\\u00e4die Fekete\",\"isPartOf\":{\"@id\":\"https:\/\/www.ortho-fekete.at\/ordi\/#website\"},\"primaryImageOfPage\":{\"@id\":\"https:\/\/www.ortho-fekete.at\/ordi\/?page_id=147#primaryimage\"},\"datePublished\":\"2021-03-20T09:53:47+00:00\",\"dateModified\":\"2021-06-04T16:31:14+00:00\",\"breadcrumb\":{\"@id\":\"https:\/\/www.ortho-fekete.at\/ordi\/?page_id=147#breadcrumb\"},\"inLanguage\":\"en-US\",\"potentialAction\":[{\"@type\":\"ReadAction\",\"target\":[\"https:\/\/www.ortho-fekete.at\/ordi\/?page_id=147\"]}]},{\"@type\":\"BreadcrumbList\",\"@id\":\"https:\/\/www.ortho-fekete.at\/ordi\/?page_id=147#breadcrumb\",\"itemListElement\":[{\"@type\":\"ListItem\",\"position\":1,\"item\":{\"@type\":\"WebPage\",\"@id\":\"https:\/\/www.ortho-fekete.at\/ordi\/\",\"url\":\"https:\/\/www.ortho-fekete.at\/ordi\/\",\"name\":\"Startseite\"}},{\"@type\":\"ListItem\",\"position\":2,\"item\":{\"@id\":\"https:\/\/www.ortho-fekete.at\/ordi\/?page_id=147#webpage\"}}]}]}<\/script>\n<!-- \/ Yoast SEO plugin. -->","_links":{"self":[{"href":"https:\/\/www.ortho-fekete.at\/ordi\/index.php?rest_route=\/wp\/v2\/pages\/147"}],"collection":[{"href":"https:\/\/www.ortho-fekete.at\/ordi\/index.php?rest_route=\/wp\/v2\/pages"}],"about":[{"href":"https:\/\/www.ortho-fekete.at\/ordi\/index.php?rest_route=\/wp\/v2\/types\/page"}],"author":[{"embeddable":true,"href":"https:\/\/www.ortho-fekete.at\/ordi\/index.php?rest_route=\/wp\/v2\/users\/1"}],"replies":[{"embeddable":true,"href":"https:\/\/www.ortho-fekete.at\/ordi\/index.php?rest_route=%2Fwp%2Fv2%2Fcomments&post=147"}],"version-history":[{"count":29,"href":"https:\/\/www.ortho-fekete.at\/ordi\/index.php?rest_route=\/wp\/v2\/pages\/147\/revisions"}],"predecessor-version":[{"id":801,"href":"https:\/\/www.ortho-fekete.at\/ordi\/index.php?rest_route=\/wp\/v2\/pages\/147\/revisions\/801"}],"wp:attachment":[{"href":"https:\/\/www.ortho-fekete.at\/ordi\/index.php?rest_route=%2Fwp%2Fv2%2Fmedia&parent=147"}],"curies":[{"name":"wp","href":"https:\/\/api.w.org\/{rel}","templated":true}]}}